{"id":955,"date":"2021-10-30T12:30:44","date_gmt":"2021-10-30T12:30:44","guid":{"rendered":"https:\/\/satec.iate.conicet.unc.edu.ar\/?page_id=955"},"modified":"2021-10-30T12:39:55","modified_gmt":"2021-10-30T12:39:55","slug":"codigo-de-conducta","status":"publish","type":"page","link":"https:\/\/satec.iate.conicet.unc.edu.ar\/?page_id=955","title":{"rendered":"C\u00f3digo de conducta"},"content":{"rendered":"\n<p>Scientific And Technical Exchange Conferences (SATEC) es el primer evento organizado por CONAE-IATE que re\u00fane a investigadores de varias instituciones con el fin de fomentar las interacciones y promover la creaci\u00f3n de nuevas redes de colaboraci\u00f3n.<\/p>\n\n\n\n<p>Para que esto sea posible, creemos que todos los participantes deben sentirse seguros, incluidos y respetados en sus diferencias nos adherimos al c\u00f3digo de coducta de la International Astronomical Union  (IAU).<\/p>\n\n\n\n<div class=\"wp-container-1 wp-block-buttons\">\n<div class=\"wp-block-button is-style-fill\"><a class=\"wp-block-button__link has-white-color has-vivid-green-cyan-background-color has-text-color has-background\" href=\"https:\/\/satec.iate.conicet.unc.edu.ar\/wp-content\/uploads\/2021\/10\/d76fb9a1-65a0-4cf0-82e9-46bfe282c1bf.pdf\" target=\"_blank\" rel=\"noreferrer noopener\">ver<\/a><\/div>\n<\/div>\n","protected":false},"excerpt":{"rendered":"<p>Scientific And Technical Exchange Conferences (SATEC) es el primer evento organizado por CONAE-IATE que re\u00fane a investigadores de varias instituciones con el fin de fomentar las interacciones y promover la &hellip; <\/p>\n<p class=\"link-more\"><a href=\"https:\/\/satec.iate.conicet.unc.edu.ar\/?page_id=955\" class=\"more-link\">Continuar leyendo<span class=\"screen-reader-text\"> \u00abC\u00f3digo de conducta\u00bb<\/span><\/a><\/p>\n","protected":false},"author":2,"featured_media":0,"parent":0,"menu_order":0,"comment_status":"closed","ping_status":"closed","template":"","meta":{"_EventAllDay":false,"_EventTimezone":"","_EventStartDate":"","_EventEndDate":"","_EventStartDateUTC":"","_EventEndDateUTC":"","_EventShowMap":false,"_EventShowMapLink":false,"_EventURL":"","_EventCost":"","_EventCostDescription":"","_EventCurrencySymbol":"","_EventCurrencyPosition":"","_EventDateTimeSeparator":"","_EventTimeRangeSeparator":"","_EventOrganizerID":[],"_EventVenueID":0,"_OrganizerEmail":"","_OrganizerPhone":"","_OrganizerWebsite":"","_VenueAddress":"","_VenueCity":"","_VenueCountry":"","_VenueProvince":"","_VenueZip":"","_VenuePhone":"","_VenueURL":"","_VenueStateProvince":"","_VenueLat":"","_VenueLng":""},"_links":{"self":[{"href":"https:\/\/satec.iate.conicet.unc.edu.ar\/index.php?rest_route=\/wp\/v2\/pages\/955"}],"collection":[{"href":"https:\/\/satec.iate.conicet.unc.edu.ar\/index.php?rest_route=\/wp\/v2\/pages"}],"about":[{"href":"https:\/\/satec.iate.conicet.unc.edu.ar\/index.php?rest_route=\/wp\/v2\/types\/page"}],"author":[{"embeddable":true,"href":"https:\/\/satec.iate.conicet.unc.edu.ar\/index.php?rest_route=\/wp\/v2\/users\/2"}],"replies":[{"embeddable":true,"href":"https:\/\/satec.iate.conicet.unc.edu.ar\/index.php?rest_route=%2Fwp%2Fv2%2Fcomments&post=955"}],"version-history":[{"count":4,"href":"https:\/\/satec.iate.conicet.unc.edu.ar\/index.php?rest_route=\/wp\/v2\/pages\/955\/revisions"}],"predecessor-version":[{"id":965,"href":"https:\/\/satec.iate.conicet.unc.edu.ar\/index.php?rest_route=\/wp\/v2\/pages\/955\/revisions\/965"}],"wp:attachment":[{"href":"https:\/\/satec.iate.conicet.unc.edu.ar\/index.php?rest_route=%2Fwp%2Fv2%2Fmedia&parent=955"}],"curies":[{"name":"wp","href":"https:\/\/api.w.org\/{rel}","templated":true}]}}